{"id":13256,"date":"2024-10-21T14:22:20","date_gmt":"2024-10-21T14:22:20","guid":{"rendered":"https:\/\/neuronhealthtech.com.br\/psicolog.ia\/?page_id=13256"},"modified":"2025-01-24T20:08:22","modified_gmt":"2025-01-24T20:08:22","slug":"regulamentacoes","status":"publish","type":"page","link":"https:\/\/neuronhealthtech.com.br\/psicolog.ia\/regulamentacoes\/","title":{"rendered":"Regulamenta\u00e7\u00f5es"},"content":{"rendered":"\t\t<div data-elementor-type=\"wp-page\" data-elementor-id=\"13256\" class=\"elementor elementor-13256\" data-elementor-post-type=\"page\">\n\t\t\t\t<div class=\"elementor-element elementor-element-ef75492 e-flex e-con-boxed e-con e-parent\" data-id=\"ef75492\" data-element_type=\"container\" data-settings=\"{&quot;background_background&quot;:&quot;classic&quot;}\">\n\t\t\t\t\t<div class=\"e-con-inner\">\n\t\t\t\t<div class=\"elementor-element elementor-element-c9d5d96 elementor-widget elementor-widget-image\" data-id=\"c9d5d96\" data-element_type=\"widget\" data-widget_type=\"image.default\">\n\t\t\t\t<div class=\"elementor-widget-container\">\n\t\t\t\t\t\t\t\t\t\t\t\t\t<img fetchpriority=\"high\" decoding=\"async\" width=\"613\" height=\"617\" src=\"https:\/\/neuronhealthtech.com.br\/psicolog.ia\/wp-content\/uploads\/2024\/09\/logo-psicoia.png\" class=\"attachment-full size-full wp-image-13136\" alt=\"\" srcset=\"https:\/\/neuronhealthtech.com.br\/psicolog.ia\/wp-content\/uploads\/2024\/09\/logo-psicoia.png 613w, https:\/\/neuronhealthtech.com.br\/psicolog.ia\/wp-content\/uploads\/2024\/09\/logo-psicoia-298x300.png 298w, https:\/\/neuronhealthtech.com.br\/psicolog.ia\/wp-content\/uploads\/2024\/09\/logo-psicoia-150x150.png 150w, https:\/\/neuronhealthtech.com.br\/psicolog.ia\/wp-content\/uploads\/2024\/09\/logo-psicoia-300x302.png 300w, https:\/\/neuronhealthtech.com.br\/psicolog.ia\/wp-content\/uploads\/2024\/09\/logo-psicoia-600x604.png 600w\" sizes=\"(max-width: 613px) 100vw, 613px\" \/>\t\t\t\t\t\t\t\t\t\t\t\t\t<\/div>\n\t\t\t\t<\/div>\n\t\t\t\t<div class=\"elementor-element elementor-element-78d29d9 elementor-widget elementor-widget-infetech_elementor_heading\" data-id=\"78d29d9\" data-element_type=\"widget\" data-widget_type=\"infetech_elementor_heading.default\">\n\t\t\t\t<div class=\"elementor-widget-container\">\n\t\t\t\n\t\t\t<div class=\"ova-heading\">\n\t\t\t\t\n\t\t\t\t\n\t\t\t\t\n\t\t\t\t\t<h3 class=\"title\">\t\t\t\t\t\t\t\t\t\t\t\t\tREGULAMENTA\u00c7\u00d5ES\t\t\t\t\t\t\t\t\t\t\t<\/h3>\n                \n                \n\t\t\t<\/div>\n\n\t\t\t\t<\/div>\n\t\t\t\t<\/div>\n\t\t\t\t\t<\/div>\n\t\t\t\t<\/div>\n\t\t<div class=\"elementor-element elementor-element-0222529 e-flex e-con-boxed e-con e-parent\" data-id=\"0222529\" data-element_type=\"container\">\n\t\t\t\t\t<div class=\"e-con-inner\">\n\t\t\t\t<div class=\"elementor-element elementor-element-5023ba1 elementor-widget elementor-widget-image\" data-id=\"5023ba1\" data-element_type=\"widget\" data-widget_type=\"image.default\">\n\t\t\t\t<div class=\"elementor-widget-container\">\n\t\t\t\t\t\t\t\t\t\t\t\t\t<img decoding=\"async\" width=\"1401\" height=\"988\" src=\"https:\/\/neuronhealthtech.com.br\/psicolog.ia\/wp-content\/uploads\/2024\/10\/certificado-neuron_11zon.webp\" class=\"attachment-full size-full wp-image-13260\" alt=\"\" srcset=\"https:\/\/neuronhealthtech.com.br\/psicolog.ia\/wp-content\/uploads\/2024\/10\/certificado-neuron_11zon.webp 1401w, https:\/\/neuronhealthtech.com.br\/psicolog.ia\/wp-content\/uploads\/2024\/10\/certificado-neuron_11zon-300x212.webp 300w, https:\/\/neuronhealthtech.com.br\/psicolog.ia\/wp-content\/uploads\/2024\/10\/certificado-neuron_11zon-1024x722.webp 1024w, https:\/\/neuronhealthtech.com.br\/psicolog.ia\/wp-content\/uploads\/2024\/10\/certificado-neuron_11zon-768x542.webp 768w, https:\/\/neuronhealthtech.com.br\/psicolog.ia\/wp-content\/uploads\/2024\/10\/certificado-neuron_11zon-600x423.webp 600w\" sizes=\"(max-width: 1401px) 100vw, 1401px\" \/>\t\t\t\t\t\t\t\t\t\t\t\t\t<\/div>\n\t\t\t\t<\/div>\n\t\t\t\t\t<\/div>\n\t\t\t\t<\/div>\n\t\t<div class=\"elementor-element elementor-element-3efdd46 e-flex e-con-boxed e-con e-parent\" data-id=\"3efdd46\" data-element_type=\"container\" data-settings=\"{&quot;background_background&quot;:&quot;classic&quot;}\">\n\t\t\t\t\t<div class=\"e-con-inner\">\n\t\t<div class=\"elementor-element elementor-element-fb3f273 e-con-full e-flex elementor-invisible e-con e-child\" data-id=\"fb3f273\" data-element_type=\"container\" data-settings=\"{&quot;animation&quot;:&quot;ova-move-up&quot;,&quot;animation_tablet&quot;:&quot;none&quot;}\">\n\t\t\t\t<div class=\"elementor-element elementor-element-493d3a0 elementor-widget elementor-widget-text-editor\" data-id=\"493d3a0\" data-element_type=\"widget\" data-widget_type=\"text-editor.default\">\n\t\t\t\t<div class=\"elementor-widget-container\">\n\t\t\t\t\t\t\t<p>A Neuron Health Tech est\u00e1 alinhada com toda a legisla\u00e7\u00e3o vigente, como Lei 13.709\/2018 (LGPD), Lei 14.510\/2022 (telessa\u00fade), e Resolu\u00e7\u00e3o 09\/2024 do Conselho Federal de Psicologia <br \/>A Neuron Health Tech est\u00e1 devidamente registrada no Conselho Regional de Psicologia (CRP 20\/507), assegurando que s\u00e3o seguidos todos os regulamentos profissionais, proporcionando um servi\u00e7o de qualidade e alinhado com os valores da Psicologia.<br \/>A Neuron Health Tech, est\u00e1 comprometida em garantir que suas pr\u00e1ticas sejam respaldadas \u00e9tica e cientificamente. O servi\u00e7o de terapia assistida por IA, Psicolog.IA, est\u00e1 cadastrado no SAPP (Sistema de Avalia\u00e7\u00e3o de Pr\u00e1ticas Psicol\u00f3gicas) do Conselho Federal de Psicologia (CFP), demonstrando seu compromisso com a excel\u00eancia em interven\u00e7\u00f5es psicol\u00f3gicas. O SAPP (Sistema de Avalia\u00e7\u00e3o de Pr\u00e1ticas Psicol\u00f3gicas) \u00e9 uma plataforma desenvolvida pelo Conselho Federal de Psicologia (CFP) que avalia pr\u00e1ticas psicol\u00f3gicas sob a perspectiva cient\u00edfica e \u00e9tica. O objetivo \u00e9 classificar as pr\u00e1ticas como compat\u00edveis, incompat\u00edveis ou inconclusivas com os princ\u00edpios cient\u00edficos e \u00e9ticos da profiss\u00e3o. Ele serve para orientar profissionais e o p\u00fablico sobre quais interven\u00e7\u00f5es s\u00e3o validadas pela comunidade cient\u00edfica, garantindo a seguran\u00e7a e efic\u00e1cia dos tratamentos\u00a0oferecidos.<\/p>\t\t\t\t\t\t<\/div>\n\t\t\t\t<\/div>\n\t\t\t\t<\/div>\n\t\t\t\t\t<\/div>\n\t\t\t\t<\/div>\n\t\t<div class=\"elementor-element elementor-element-3da9e22 e-flex e-con-boxed e-con e-parent\" data-id=\"3da9e22\" data-element_type=\"container\" data-settings=\"{&quot;background_background&quot;:&quot;classic&quot;}\">\n\t\t\t\t\t<div class=\"e-con-inner\">\n\t\t<div class=\"elementor-element elementor-element-ddc069d e-con-full e-flex elementor-invisible e-con e-child\" data-id=\"ddc069d\" data-element_type=\"container\" data-settings=\"{&quot;animation&quot;:&quot;ova-move-up&quot;,&quot;animation_tablet&quot;:&quot;none&quot;}\">\n\t\t\t\t<div class=\"elementor-element elementor-element-2e545e3 elementor-widget elementor-widget-image\" data-id=\"2e545e3\" data-element_type=\"widget\" data-widget_type=\"image.default\">\n\t\t\t\t<div class=\"elementor-widget-container\">\n\t\t\t\t\t\t\t\t\t\t\t\t\t<img decoding=\"async\" width=\"624\" height=\"887\" src=\"https:\/\/neuronhealthtech.com.br\/psicolog.ia\/wp-content\/uploads\/2024\/11\/IMAGEM-SEMINARIO-DO-CFP-IA-E-PSICOLOGIA.jpg\" class=\"attachment-full size-full wp-image-13321\" alt=\"\" srcset=\"https:\/\/neuronhealthtech.com.br\/psicolog.ia\/wp-content\/uploads\/2024\/11\/IMAGEM-SEMINARIO-DO-CFP-IA-E-PSICOLOGIA.jpg 624w, https:\/\/neuronhealthtech.com.br\/psicolog.ia\/wp-content\/uploads\/2024\/11\/IMAGEM-SEMINARIO-DO-CFP-IA-E-PSICOLOGIA-211x300.jpg 211w, https:\/\/neuronhealthtech.com.br\/psicolog.ia\/wp-content\/uploads\/2024\/11\/IMAGEM-SEMINARIO-DO-CFP-IA-E-PSICOLOGIA-300x426.jpg 300w, https:\/\/neuronhealthtech.com.br\/psicolog.ia\/wp-content\/uploads\/2024\/11\/IMAGEM-SEMINARIO-DO-CFP-IA-E-PSICOLOGIA-600x853.jpg 600w\" sizes=\"(max-width: 624px) 100vw, 624px\" \/>\t\t\t\t\t\t\t\t\t\t\t\t\t<\/div>\n\t\t\t\t<\/div>\n\t\t\t\t<div class=\"elementor-element elementor-element-4631975 elementor-widget elementor-widget-text-editor\" data-id=\"4631975\" data-element_type=\"widget\" data-widget_type=\"text-editor.default\">\n\t\t\t\t<div class=\"elementor-widget-container\">\n\t\t\t\t\t\t\t<div>Neuron Health Tech est\u00e1 em conson\u00e2ncia com as \u00faltimas discuss\u00f5es do\u00a0I SEMIN\u00c1RIO INTELIG\u00caNCIA ARTIFICIAL E EXERC\u00cdCIO PROFISSIONAL DA PSICOLOGIA promovido pelo Conselho Federal de Psicologia<\/div><div class=\"yj6qo\">\u00a0<\/div>\t\t\t\t\t\t<\/div>\n\t\t\t\t<\/div>\n\t\t\t\t<\/div>\n\t\t\t\t\t<\/div>\n\t\t\t\t<\/div>\n\t\t<div class=\"elementor-element elementor-element-9368aa0 e-flex e-con-boxed e-con e-parent\" data-id=\"9368aa0\" data-element_type=\"container\" data-settings=\"{&quot;background_background&quot;:&quot;classic&quot;}\">\n\t\t\t\t\t<div class=\"e-con-inner\">\n\t\t<div class=\"elementor-element elementor-element-92b0642 e-con-full e-flex elementor-invisible e-con e-child\" data-id=\"92b0642\" data-element_type=\"container\" data-settings=\"{&quot;animation&quot;:&quot;ova-move-up&quot;,&quot;animation_tablet&quot;:&quot;none&quot;}\">\n\t\t\t\t<div class=\"elementor-element elementor-element-36d75a6 elementor-widget elementor-widget-image\" data-id=\"36d75a6\" data-element_type=\"widget\" data-widget_type=\"image.default\">\n\t\t\t\t<div class=\"elementor-widget-container\">\n\t\t\t\t\t\t\t\t\t\t\t\t\t<img loading=\"lazy\" decoding=\"async\" width=\"1050\" height=\"893\" src=\"https:\/\/neuronhealthtech.com.br\/psicolog.ia\/wp-content\/uploads\/2025\/01\/APROVACAO-NO-COMITE-DE-ETICA.webp\" class=\"attachment-full size-full wp-image-13582\" alt=\"\" srcset=\"https:\/\/neuronhealthtech.com.br\/psicolog.ia\/wp-content\/uploads\/2025\/01\/APROVACAO-NO-COMITE-DE-ETICA.webp 1050w, https:\/\/neuronhealthtech.com.br\/psicolog.ia\/wp-content\/uploads\/2025\/01\/APROVACAO-NO-COMITE-DE-ETICA-300x255.webp 300w, https:\/\/neuronhealthtech.com.br\/psicolog.ia\/wp-content\/uploads\/2025\/01\/APROVACAO-NO-COMITE-DE-ETICA-1024x871.webp 1024w, https:\/\/neuronhealthtech.com.br\/psicolog.ia\/wp-content\/uploads\/2025\/01\/APROVACAO-NO-COMITE-DE-ETICA-768x653.webp 768w, https:\/\/neuronhealthtech.com.br\/psicolog.ia\/wp-content\/uploads\/2025\/01\/APROVACAO-NO-COMITE-DE-ETICA-600x510.webp 600w\" sizes=\"(max-width: 1050px) 100vw, 1050px\" \/>\t\t\t\t\t\t\t\t\t\t\t\t\t<\/div>\n\t\t\t\t<\/div>\n\t\t\t\t<div class=\"elementor-element elementor-element-94fd1a6 elementor-widget elementor-widget-text-editor\" data-id=\"94fd1a6\" data-element_type=\"widget\" data-widget_type=\"text-editor.default\">\n\t\t\t\t<div class=\"elementor-widget-container\">\n\t\t\t\t\t\t\t<div>Projeto de pesquisa com o PsiVirtual aprovado no Comit\u00ea de \u00c9tica da Universidade Federal do Amazonas, em 27\/06\/2024, CAAE: 80186824.0.0000.5020<\/div>\t\t\t\t\t\t<\/div>\n\t\t\t\t<\/div>\n\t\t\t\t<\/div>\n\t\t\t\t\t<\/div>\n\t\t\t\t<\/div>\n\t\t<div class=\"elementor-element elementor-element-c3558b7 e-flex e-con-boxed e-con e-parent\" data-id=\"c3558b7\" data-element_type=\"container\">\n\t\t\t\t\t<div class=\"e-con-inner\">\n\t\t\t\t<div class=\"elementor-element elementor-element-0becca6 elementor-widget elementor-widget-text-editor\" data-id=\"0becca6\" data-element_type=\"widget\" data-widget_type=\"text-editor.default\">\n\t\t\t\t<div class=\"elementor-widget-container\">\n\t\t\t\t\t\t\t<p style=\"text-align: center;\">Psicolog.IA &#8211; Todos os Direitos Reservados. Pol\u00edtica de Privacidade e Seguran\u00e7a de Dados.<\/p>\t\t\t\t\t\t<\/div>\n\t\t\t\t<\/div>\n\t\t\t\t\t<\/div>\n\t\t\t\t<\/div>\n\t\t\t\t<\/div>\n\t\t","protected":false},"excerpt":{"rendered":"<p>REGULAMENTA\u00c7\u00d5ES A Neuron Health Tech est\u00e1 alinhada com toda a legisla\u00e7\u00e3o vigente, como Lei 13.709\/2018 (LGPD), Lei 14.510\/2022 (telessa\u00fade), e Resolu\u00e7\u00e3o 09\/2024 do Conselho Federal de Psicologia A Neuron Health Tech est\u00e1 devidamente registrada no Conselho Regional de Psicologia (CRP 20\/507), assegurando que s\u00e3o seguidos todos os regulamentos profissionais, proporcionando um servi\u00e7o de qualidade e [&hellip;]<\/p>\n","protected":false},"author":1,"featured_media":0,"parent":0,"menu_order":0,"comment_status":"closed","ping_status":"closed","template":"elementor_header_footer","meta":{"footnotes":""},"class_list":["post-13256","page","type-page","status-publish","hentry"],"yoast_head":"<!-- This site is optimized with the Yoast SEO plugin v26.9 - https:\/\/yoast.com\/product\/yoast-seo-wordpress\/ -->\n<title>Regulamenta\u00e7\u00f5es - Neuron Health Tech<\/title>\n<meta name=\"robots\" content=\"index, follow, max-snippet:-1, max-image-preview:large, max-video-preview:-1\" \/>\n<link rel=\"canonical\" href=\"https:\/\/neuronhealthtech.com.br\/psicolog.ia\/regulamentacoes\/\" \/>\n<meta property=\"og:locale\" content=\"pt_PT\" \/>\n<meta property=\"og:type\" content=\"article\" \/>\n<meta property=\"og:title\" content=\"Regulamenta\u00e7\u00f5es - Neuron Health Tech\" \/>\n<meta property=\"og:description\" content=\"REGULAMENTA\u00c7\u00d5ES A Neuron Health Tech est\u00e1 alinhada com toda a legisla\u00e7\u00e3o vigente, como Lei 13.709\/2018 (LGPD), Lei 14.510\/2022 (telessa\u00fade), e Resolu\u00e7\u00e3o 09\/2024 do Conselho Federal de Psicologia A Neuron Health Tech est\u00e1 devidamente registrada no Conselho Regional de Psicologia (CRP 20\/507), assegurando que s\u00e3o seguidos todos os regulamentos profissionais, proporcionando um servi\u00e7o de qualidade e [&hellip;]\" \/>\n<meta property=\"og:url\" content=\"https:\/\/neuronhealthtech.com.br\/psicolog.ia\/regulamentacoes\/\" \/>\n<meta property=\"og:site_name\" content=\"Neuron Health Tech\" \/>\n<meta property=\"article:modified_time\" content=\"2025-01-24T20:08:22+00:00\" \/>\n<meta property=\"og:image\" content=\"https:\/\/neuronhealthtech.com.br\/psicolog.ia\/wp-content\/uploads\/2024\/09\/logo-psicoia.png\" \/>\n\t<meta property=\"og:image:width\" content=\"613\" \/>\n\t<meta property=\"og:image:height\" content=\"617\" \/>\n\t<meta property=\"og:image:type\" content=\"image\/png\" \/>\n<meta name=\"twitter:card\" content=\"summary_large_image\" \/>\n<meta name=\"twitter:label1\" content=\"Tempo estimado de leitura\" \/>\n\t<meta name=\"twitter:data1\" content=\"3 minutos\" \/>\n<script type=\"application\/ld+json\" class=\"yoast-schema-graph\">{\"@context\":\"https:\/\/schema.org\",\"@graph\":[{\"@type\":\"WebPage\",\"@id\":\"https:\/\/neuronhealthtech.com.br\/psicolog.ia\/regulamentacoes\/\",\"url\":\"https:\/\/neuronhealthtech.com.br\/psicolog.ia\/regulamentacoes\/\",\"name\":\"Regulamenta\u00e7\u00f5es - Neuron Health Tech\",\"isPartOf\":{\"@id\":\"https:\/\/neuronhealthtech.com.br\/psicolog.ia\/#website\"},\"primaryImageOfPage\":{\"@id\":\"https:\/\/neuronhealthtech.com.br\/psicolog.ia\/regulamentacoes\/#primaryimage\"},\"image\":{\"@id\":\"https:\/\/neuronhealthtech.com.br\/psicolog.ia\/regulamentacoes\/#primaryimage\"},\"thumbnailUrl\":\"https:\/\/neuronhealthtech.com.br\/psicolog.ia\/wp-content\/uploads\/2024\/09\/logo-psicoia.png\",\"datePublished\":\"2024-10-21T14:22:20+00:00\",\"dateModified\":\"2025-01-24T20:08:22+00:00\",\"breadcrumb\":{\"@id\":\"https:\/\/neuronhealthtech.com.br\/psicolog.ia\/regulamentacoes\/#breadcrumb\"},\"inLanguage\":\"pt-PT\",\"potentialAction\":[{\"@type\":\"ReadAction\",\"target\":[\"https:\/\/neuronhealthtech.com.br\/psicolog.ia\/regulamentacoes\/\"]}]},{\"@type\":\"ImageObject\",\"inLanguage\":\"pt-PT\",\"@id\":\"https:\/\/neuronhealthtech.com.br\/psicolog.ia\/regulamentacoes\/#primaryimage\",\"url\":\"https:\/\/neuronhealthtech.com.br\/psicolog.ia\/wp-content\/uploads\/2024\/09\/logo-psicoia.png\",\"contentUrl\":\"https:\/\/neuronhealthtech.com.br\/psicolog.ia\/wp-content\/uploads\/2024\/09\/logo-psicoia.png\",\"width\":613,\"height\":617},{\"@type\":\"BreadcrumbList\",\"@id\":\"https:\/\/neuronhealthtech.com.br\/psicolog.ia\/regulamentacoes\/#breadcrumb\",\"itemListElement\":[{\"@type\":\"ListItem\",\"position\":1,\"name\":\"In\u00edcio\",\"item\":\"https:\/\/neuronhealthtech.com.br\/psicolog.ia\/\"},{\"@type\":\"ListItem\",\"position\":2,\"name\":\"Regulamenta\u00e7\u00f5es\"}]},{\"@type\":\"WebSite\",\"@id\":\"https:\/\/neuronhealthtech.com.br\/psicolog.ia\/#website\",\"url\":\"https:\/\/neuronhealthtech.com.br\/psicolog.ia\/\",\"name\":\"Neuron Health Tech\",\"description\":\"Tecnologia e inova&ccedil;&atilde;o em Psicologia e Neuropsicologia\",\"potentialAction\":[{\"@type\":\"SearchAction\",\"target\":{\"@type\":\"EntryPoint\",\"urlTemplate\":\"https:\/\/neuronhealthtech.com.br\/psicolog.ia\/?s={search_term_string}\"},\"query-input\":{\"@type\":\"PropertyValueSpecification\",\"valueRequired\":true,\"valueName\":\"search_term_string\"}}],\"inLanguage\":\"pt-PT\"}]}<\/script>\n<!-- \/ Yoast SEO plugin. -->","yoast_head_json":{"title":"Regulamenta\u00e7\u00f5es - Neuron Health Tech","robots":{"index":"index","follow":"follow","max-snippet":"max-snippet:-1","max-image-preview":"max-image-preview:large","max-video-preview":"max-video-preview:-1"},"canonical":"https:\/\/neuronhealthtech.com.br\/psicolog.ia\/regulamentacoes\/","og_locale":"pt_PT","og_type":"article","og_title":"Regulamenta\u00e7\u00f5es - Neuron Health Tech","og_description":"REGULAMENTA\u00c7\u00d5ES A Neuron Health Tech est\u00e1 alinhada com toda a legisla\u00e7\u00e3o vigente, como Lei 13.709\/2018 (LGPD), Lei 14.510\/2022 (telessa\u00fade), e Resolu\u00e7\u00e3o 09\/2024 do Conselho Federal de Psicologia A Neuron Health Tech est\u00e1 devidamente registrada no Conselho Regional de Psicologia (CRP 20\/507), assegurando que s\u00e3o seguidos todos os regulamentos profissionais, proporcionando um servi\u00e7o de qualidade e [&hellip;]","og_url":"https:\/\/neuronhealthtech.com.br\/psicolog.ia\/regulamentacoes\/","og_site_name":"Neuron Health Tech","article_modified_time":"2025-01-24T20:08:22+00:00","og_image":[{"width":613,"height":617,"url":"https:\/\/neuronhealthtech.com.br\/psicolog.ia\/wp-content\/uploads\/2024\/09\/logo-psicoia.png","type":"image\/png"}],"twitter_card":"summary_large_image","twitter_misc":{"Tempo estimado de leitura":"3 minutos"},"schema":{"@context":"https:\/\/schema.org","@graph":[{"@type":"WebPage","@id":"https:\/\/neuronhealthtech.com.br\/psicolog.ia\/regulamentacoes\/","url":"https:\/\/neuronhealthtech.com.br\/psicolog.ia\/regulamentacoes\/","name":"Regulamenta\u00e7\u00f5es - Neuron Health Tech","isPartOf":{"@id":"https:\/\/neuronhealthtech.com.br\/psicolog.ia\/#website"},"primaryImageOfPage":{"@id":"https:\/\/neuronhealthtech.com.br\/psicolog.ia\/regulamentacoes\/#primaryimage"},"image":{"@id":"https:\/\/neuronhealthtech.com.br\/psicolog.ia\/regulamentacoes\/#primaryimage"},"thumbnailUrl":"https:\/\/neuronhealthtech.com.br\/psicolog.ia\/wp-content\/uploads\/2024\/09\/logo-psicoia.png","datePublished":"2024-10-21T14:22:20+00:00","dateModified":"2025-01-24T20:08:22+00:00","breadcrumb":{"@id":"https:\/\/neuronhealthtech.com.br\/psicolog.ia\/regulamentacoes\/#breadcrumb"},"inLanguage":"pt-PT","potentialAction":[{"@type":"ReadAction","target":["https:\/\/neuronhealthtech.com.br\/psicolog.ia\/regulamentacoes\/"]}]},{"@type":"ImageObject","inLanguage":"pt-PT","@id":"https:\/\/neuronhealthtech.com.br\/psicolog.ia\/regulamentacoes\/#primaryimage","url":"https:\/\/neuronhealthtech.com.br\/psicolog.ia\/wp-content\/uploads\/2024\/09\/logo-psicoia.png","contentUrl":"https:\/\/neuronhealthtech.com.br\/psicolog.ia\/wp-content\/uploads\/2024\/09\/logo-psicoia.png","width":613,"height":617},{"@type":"BreadcrumbList","@id":"https:\/\/neuronhealthtech.com.br\/psicolog.ia\/regulamentacoes\/#breadcrumb","itemListElement":[{"@type":"ListItem","position":1,"name":"In\u00edcio","item":"https:\/\/neuronhealthtech.com.br\/psicolog.ia\/"},{"@type":"ListItem","position":2,"name":"Regulamenta\u00e7\u00f5es"}]},{"@type":"WebSite","@id":"https:\/\/neuronhealthtech.com.br\/psicolog.ia\/#website","url":"https:\/\/neuronhealthtech.com.br\/psicolog.ia\/","name":"Neuron Health Tech","description":"Tecnologia e inova&ccedil;&atilde;o em Psicologia e Neuropsicologia","potentialAction":[{"@type":"SearchAction","target":{"@type":"EntryPoint","urlTemplate":"https:\/\/neuronhealthtech.com.br\/psicolog.ia\/?s={search_term_string}"},"query-input":{"@type":"PropertyValueSpecification","valueRequired":true,"valueName":"search_term_string"}}],"inLanguage":"pt-PT"}]}},"_links":{"self":[{"href":"https:\/\/neuronhealthtech.com.br\/psicolog.ia\/wp-json\/wp\/v2\/pages\/13256","targetHints":{"allow":["GET"]}}],"collection":[{"href":"https:\/\/neuronhealthtech.com.br\/psicolog.ia\/wp-json\/wp\/v2\/pages"}],"about":[{"href":"https:\/\/neuronhealthtech.com.br\/psicolog.ia\/wp-json\/wp\/v2\/types\/page"}],"author":[{"embeddable":true,"href":"https:\/\/neuronhealthtech.com.br\/psicolog.ia\/wp-json\/wp\/v2\/users\/1"}],"replies":[{"embeddable":true,"href":"https:\/\/neuronhealthtech.com.br\/psicolog.ia\/wp-json\/wp\/v2\/comments?post=13256"}],"version-history":[{"count":26,"href":"https:\/\/neuronhealthtech.com.br\/psicolog.ia\/wp-json\/wp\/v2\/pages\/13256\/revisions"}],"predecessor-version":[{"id":13585,"href":"https:\/\/neuronhealthtech.com.br\/psicolog.ia\/wp-json\/wp\/v2\/pages\/13256\/revisions\/13585"}],"wp:attachment":[{"href":"https:\/\/neuronhealthtech.com.br\/psicolog.ia\/wp-json\/wp\/v2\/media?parent=13256"}],"curies":[{"name":"wp","href":"https:\/\/api.w.org\/{rel}","templated":true}]}}