{"id":13144,"date":"2024-09-27T18:56:06","date_gmt":"2024-09-27T18:56:06","guid":{"rendered":"https:\/\/neuronhealthtech.com.br\/psicolog.ia\/?page_id=13144"},"modified":"2024-11-04T15:20:05","modified_gmt":"2024-11-04T15:20:05","slug":"para-servico-publico","status":"publish","type":"page","link":"https:\/\/neuronhealthtech.com.br\/psicolog.ia\/para-servico-publico\/","title":{"rendered":"Para o Servi\u00e7o P\u00fablico"},"content":{"rendered":"\t\t<div data-elementor-type=\"wp-page\" data-elementor-id=\"13144\" class=\"elementor elementor-13144\" data-elementor-post-type=\"page\">\n\t\t\t\t<div class=\"elementor-element elementor-element-ef75492 e-flex e-con-boxed e-con e-parent\" data-id=\"ef75492\" data-element_type=\"container\" data-settings=\"{&quot;background_background&quot;:&quot;classic&quot;}\">\n\t\t\t\t\t<div class=\"e-con-inner\">\n\t\t\t\t<div class=\"elementor-element elementor-element-c9d5d96 elementor-widget elementor-widget-image\" data-id=\"c9d5d96\" data-element_type=\"widget\" data-widget_type=\"image.default\">\n\t\t\t\t<div class=\"elementor-widget-container\">\n\t\t\t\t\t\t\t\t\t\t\t\t\t<img fetchpriority=\"high\" decoding=\"async\" width=\"613\" height=\"617\" src=\"https:\/\/neuronhealthtech.com.br\/psicolog.ia\/wp-content\/uploads\/2024\/09\/logo-psicoia.png\" class=\"attachment-full size-full wp-image-13136\" alt=\"\" srcset=\"https:\/\/neuronhealthtech.com.br\/psicolog.ia\/wp-content\/uploads\/2024\/09\/logo-psicoia.png 613w, https:\/\/neuronhealthtech.com.br\/psicolog.ia\/wp-content\/uploads\/2024\/09\/logo-psicoia-298x300.png 298w, https:\/\/neuronhealthtech.com.br\/psicolog.ia\/wp-content\/uploads\/2024\/09\/logo-psicoia-150x150.png 150w, https:\/\/neuronhealthtech.com.br\/psicolog.ia\/wp-content\/uploads\/2024\/09\/logo-psicoia-300x302.png 300w, https:\/\/neuronhealthtech.com.br\/psicolog.ia\/wp-content\/uploads\/2024\/09\/logo-psicoia-600x604.png 600w\" sizes=\"(max-width: 613px) 100vw, 613px\" \/>\t\t\t\t\t\t\t\t\t\t\t\t\t<\/div>\n\t\t\t\t<\/div>\n\t\t\t\t<div class=\"elementor-element elementor-element-78d29d9 elementor-widget elementor-widget-infetech_elementor_heading\" data-id=\"78d29d9\" data-element_type=\"widget\" data-widget_type=\"infetech_elementor_heading.default\">\n\t\t\t\t<div class=\"elementor-widget-container\">\n\t\t\t\n\t\t\t<div class=\"ova-heading\">\n\t\t\t\t\n\t\t\t\t\n\t\t\t\t\n\t\t\t\t\t<h3 class=\"title\">\t\t\t\t\t\t\t\t\t\t\t\t\tPARA O SERVI\u00c7O P\u00daBLICO\t\t\t\t\t\t\t\t\t\t\t<\/h3>\n                \n                \n\t\t\t<\/div>\n\n\t\t\t\t<\/div>\n\t\t\t\t<\/div>\n\t\t\t\t\t<\/div>\n\t\t\t\t<\/div>\n\t\t<div class=\"elementor-element elementor-element-5070764 e-flex e-con-boxed e-con e-parent\" data-id=\"5070764\" data-element_type=\"container\" data-settings=\"{&quot;background_background&quot;:&quot;classic&quot;}\">\n\t\t\t\t\t<div class=\"e-con-inner\">\n\t\t<div class=\"elementor-element elementor-element-399dfc9 e-con-full e-flex elementor-invisible e-con e-child\" data-id=\"399dfc9\" data-element_type=\"container\" data-settings=\"{&quot;background_background&quot;:&quot;classic&quot;,&quot;animation&quot;:&quot;ova-move-right&quot;}\">\n\t\t\t\t<\/div>\n\t\t<div class=\"elementor-element elementor-element-9fbb3fe e-con-full e-flex elementor-invisible e-con e-child\" data-id=\"9fbb3fe\" data-element_type=\"container\" data-settings=\"{&quot;animation&quot;:&quot;ova-move-left&quot;,&quot;animation_tablet&quot;:&quot;none&quot;}\">\n\t\t\t\t<div class=\"elementor-element elementor-element-bae3543 elementor-widget elementor-widget-text-editor\" data-id=\"bae3543\" data-element_type=\"widget\" data-widget_type=\"text-editor.default\">\n\t\t\t\t<div class=\"elementor-widget-container\">\n\t\t\t\t\t\t\t<p><strong>Psicolog.IA \u2013 Uma Solu\u00e7\u00e3o Inovadora e Gratuita para a Sa\u00fade Mental dos Servidores P\u00fablicos<\/strong><\/p><p><strong>Parceria Pioneira em Sa\u00fade Mental<\/strong><br \/>A sa\u00fade mental dos servidores p\u00fablicos \u00e9 essencial para o bom funcionamento dos servi\u00e7os prestados \u00e0 popula\u00e7\u00e3o. Com isso em mente, o Psicolog.IA surge como uma ferramenta inovadora para apoiar o bem-estar emocional dos trabalhadores. Desenvolvido pelas empresas Neuron Health Tech e Neuron CAP, em parceria com o Laborat\u00f3rio de Avalia\u00e7\u00e3o Psicol\u00f3gica da Universidade Federal do Amazonas (UFAM), o Psicolog.IA est\u00e1 dispon\u00edvel de forma gratuita durante sua fase de MVP (Produto M\u00ednimo Vi\u00e1vel), como parte de uma pesquisa aprovada pelo Comit\u00ea de \u00c9tica da UFAM (27\/06\/2024 &#8211; CAAE: 80186824.0.0000.5020).<\/p><p><strong>O Que \u00e9 o Psicolog.IA?<\/strong><br \/>O Psicolog.IA \u00e9 uma plataforma que utiliza um chatbot terap\u00eautico com intelig\u00eancia artificial, supervisionado por psic\u00f3logos, para oferecer suporte emocional e psicol\u00f3gico cont\u00ednuo aos servidores p\u00fablicos. A ferramenta \u00e9 ideal para identificar e gerenciar sintomas de ansiedade, estresse e depress\u00e3o, proporcionando um atendimento acess\u00edvel e pr\u00e1tico.<\/p>\t\t\t\t\t\t<\/div>\n\t\t\t\t<\/div>\n\t\t\t\t<\/div>\n\t\t\t\t\t<\/div>\n\t\t\t\t<\/div>\n\t\t<div class=\"elementor-element elementor-element-3efdd46 e-flex e-con-boxed e-con e-parent\" data-id=\"3efdd46\" data-element_type=\"container\" data-settings=\"{&quot;background_background&quot;:&quot;classic&quot;}\">\n\t\t\t\t\t<div class=\"e-con-inner\">\n\t\t<div class=\"elementor-element elementor-element-fb3f273 e-con-full e-flex elementor-invisible e-con e-child\" data-id=\"fb3f273\" data-element_type=\"container\" data-settings=\"{&quot;animation&quot;:&quot;ova-move-up&quot;,&quot;animation_tablet&quot;:&quot;none&quot;}\">\n\t\t\t\t<div class=\"elementor-element elementor-element-493d3a0 elementor-widget elementor-widget-text-editor\" data-id=\"493d3a0\" data-element_type=\"widget\" data-widget_type=\"text-editor.default\">\n\t\t\t\t<div class=\"elementor-widget-container\">\n\t\t\t\t\t\t\t<p><strong>Vantagens do Psicolog.IA para o Servi\u00e7o P\u00fablico<\/strong><br \/>A utiliza\u00e7\u00e3o do Psicolog.IA no \u00e2mbito do servi\u00e7o p\u00fablico oferece benef\u00edcios importantes para o bem-estar dos servidores:<\/p><ul><li><strong>Acesso Gratuito durante o MVP<\/strong>: Como parte de uma pesquisa cient\u00edfica, o Psicolog.IA est\u00e1 dispon\u00edvel sem custos para o \u00f3rg\u00e3o p\u00fablico durante esta fase.<\/li><li><strong>Atendimento Dispon\u00edvel 24 horas<\/strong>: O chatbot terap\u00eautico pode ser acessado a qualquer momento, permitindo que os servidores busquem apoio emocional de forma pr\u00e1tica, sem a necessidade de agendamento.<\/li><li><strong>Supervis\u00e3o por Psic\u00f3logos<\/strong>: Todas as intera\u00e7\u00f5es s\u00e3o supervisionadas por psic\u00f3logos qualificados, garantindo a seguran\u00e7a e a qualidade do servi\u00e7o.<\/li><li><strong>Protocolo Estruturado de 8 Sess\u00f5es<\/strong>: O Psicolog.IA segue um protocolo terap\u00eautico bem definido, que inclui desde a identifica\u00e7\u00e3o de sintomas at\u00e9 a reestrutura\u00e7\u00e3o cognitiva, ajudando os servidores a enfrentar os desafios emocionais de forma eficaz.<\/li><li><strong>Privacidade e Confidencialidade<\/strong>: O servi\u00e7o \u00e9 seguro e segue os mais altos padr\u00f5es de \u00e9tica e confidencialidade, respeitando a privacidade de cada servidor.<\/li><li><strong>Melhora do Clima Organizacional<\/strong>: Com o apoio emocional cont\u00ednuo, o Psicolog.IA contribui para um ambiente de trabalho mais saud\u00e1vel, reduzindo o estresse e aumentando a qualidade de vida no servi\u00e7o p\u00fablico.<\/li><\/ul><p><strong>Limita\u00e7\u00f5es do Psicolog.IA<\/strong><br \/>\u00c9 importante estar ciente das seguintes limita\u00e7\u00f5es do servi\u00e7o:<\/p><ul><li><strong>N\u00e3o substitui acompanhamento psicol\u00f3gico presencial<\/strong>: Embora o Psicolog.IA ofere\u00e7a um importante suporte emocional, ele n\u00e3o substitui a necessidade de acompanhamento presencial com psic\u00f3logos ou psiquiatras quando necess\u00e1rio.<\/li><li><strong>N\u00e3o \u00e9 indicado para emerg\u00eancias emocionais<\/strong>: O Psicolog.IA n\u00e3o deve ser utilizado em situa\u00e7\u00f5es de crise, como epis\u00f3dios graves de depress\u00e3o, ansiedade aguda ou pensamentos suicidas. Nestes casos, \u00e9 imprescind\u00edvel buscar atendimento especializado imediato.<\/li><li><strong>Indicado apenas para adultos maiores de 18 anos<\/strong>: O servi\u00e7o \u00e9 voltado para servidores adultos e n\u00e3o \u00e9 recomendado para menores de idade.<\/li><\/ul><p><strong>Como Funciona?<\/strong><br \/>O Psicolog.IA segue um protocolo terap\u00eautico de 8 sess\u00f5es, utilizando t\u00e9cnicas da terapia cognitivo-comportamental (TCC) para ajudar os servidores a identificar e gerenciar seus sintomas. As sess\u00f5es s\u00e3o conduzidas pelo chatbot, que faz uso de perguntas estrat\u00e9gicas para auxiliar na reestrutura\u00e7\u00e3o cognitiva e emocional.<\/p><p><strong>Pesquisa Cient\u00edfica em Parceria com a UFAM<\/strong><br \/>A participa\u00e7\u00e3o no MVP do Psicolog.IA faz parte de uma pesquisa cient\u00edfica conduzida em parceria com o Laborat\u00f3rio de Avalia\u00e7\u00e3o Psicol\u00f3gica da Universidade Federal do Amazonas (UFAM). A pesquisa foi aprovada pelo Comit\u00ea de \u00c9tica da UFAM e segue os mais altos padr\u00f5es de \u00e9tica e confidencialidade, garantindo um atendimento seguro e respeitoso para os servidores.<br \/>Ao participar desta iniciativa, o \u00f3rg\u00e3o p\u00fablico n\u00e3o s\u00f3 oferece uma solu\u00e7\u00e3o gratuita e moderna para o bem-estar dos servidores, como tamb\u00e9m colabora com uma pesquisa cient\u00edfica que est\u00e1 moldando o futuro da sa\u00fade mental no Brasil.<\/p>\t\t\t\t\t\t<\/div>\n\t\t\t\t<\/div>\n\t\t\t\t<\/div>\n\t\t\t\t\t<\/div>\n\t\t\t\t<\/div>\n\t\t<div class=\"elementor-element elementor-element-3cb446b e-flex e-con-boxed e-con e-parent\" data-id=\"3cb446b\" data-element_type=\"container\" data-settings=\"{&quot;background_background&quot;:&quot;classic&quot;}\">\n\t\t\t\t\t<div class=\"e-con-inner\">\n\t\t<div class=\"elementor-element elementor-element-d9b6b97 e-con-full e-flex elementor-invisible e-con e-child\" data-id=\"d9b6b97\" data-element_type=\"container\" data-settings=\"{&quot;animation&quot;:&quot;ova-move-left&quot;,&quot;animation_tablet&quot;:&quot;none&quot;}\">\n\t\t\t\t<div class=\"elementor-element elementor-element-37329f6 elementor-widget elementor-widget-text-editor\" data-id=\"37329f6\" data-element_type=\"widget\" data-widget_type=\"text-editor.default\">\n\t\t\t\t<div class=\"elementor-widget-container\">\n\t\t\t\t\t\t\t<p><strong>Quem Pode Participar?<\/strong><br \/>Este servi\u00e7o \u00e9 indicado para adultos maiores de 18 anos. \u00c9 importante lembrar que o Psicolog.IA n\u00e3o substitui o acompanhamento por psic\u00f3logos ou psiquiatras e n\u00e3o \u00e9 recomendado para situa\u00e7\u00f5es de crise emocional ou emerg\u00eancias.<\/p><p><strong>Saiba Mais e Participe:<\/strong><br \/>Para participar gratuitamente desta fase pioneira e oferecer aos seus colaboradores uma nova forma de cuidar da sa\u00fade mental, cadastre a sua empresa e a seguir, divulgue o link de acesso para todos os seus colaboradores.<br \/>O \u00f3rg\u00e3o\u00a0p\u00fablico receber\u00e1 dados coletivos da amostra participante deste estudo. N\u00e3o ser\u00e3o disponibilizadas informa\u00e7\u00f5es individuais dos participantes.<br \/><br \/><\/p>\t\t\t\t\t\t<\/div>\n\t\t\t\t<\/div>\n\t\t\t\t<\/div>\n\t\t\t\t\t<\/div>\n\t\t\t\t<\/div>\n\t\t<div class=\"elementor-element elementor-element-a8fd9f0 e-flex e-con-boxed e-con e-parent\" data-id=\"a8fd9f0\" data-element_type=\"container\" data-settings=\"{&quot;background_background&quot;:&quot;classic&quot;}\">\n\t\t\t\t\t<div class=\"e-con-inner\">\n\t\t<div class=\"elementor-element elementor-element-f237393 e-con-full e-flex elementor-invisible e-con e-child\" data-id=\"f237393\" data-element_type=\"container\" data-settings=\"{&quot;background_background&quot;:&quot;classic&quot;,&quot;animation&quot;:&quot;ova-move-right&quot;}\">\n\t\t\t\t<div class=\"elementor-element elementor-element-72369a5 elementor-widget elementor-widget-video\" data-id=\"72369a5\" data-element_type=\"widget\" data-settings=\"{&quot;video_type&quot;:&quot;hosted&quot;,&quot;show_image_overlay&quot;:&quot;yes&quot;,&quot;image_overlay&quot;:{&quot;url&quot;:&quot;&quot;,&quot;id&quot;:&quot;&quot;,&quot;size&quot;:&quot;&quot;,&quot;alt&quot;:&quot;&quot;,&quot;source&quot;:&quot;library&quot;},&quot;controls&quot;:&quot;yes&quot;}\" data-widget_type=\"video.default\">\n\t\t\t\t<div class=\"elementor-widget-container\">\n\t\t\t\t\t<div class=\"e-hosted-video elementor-wrapper elementor-open-inline\">\n\t\t\t\t\t<video class=\"elementor-video\" src=\"https:\/\/neuronhealthtech.com.br\/psicolog.ia\/wp-content\/uploads\/2024\/11\/PSIVIRTUAL-VIDEO-PARA-EMPRESAS.mp4\" controls=\"\" preload=\"metadata\"><\/video>\n\t\t\t\t<\/div>\n\t\t\t\t<\/div>\n\t\t\t\t<\/div>\n\t\t\t\t<div class=\"elementor-element elementor-element-a68b264 elementor-align-center elementor-widget elementor-widget-button\" data-id=\"a68b264\" data-element_type=\"widget\" data-widget_type=\"button.default\">\n\t\t\t\t<div class=\"elementor-widget-container\">\n\t\t\t\t\t\t\t<div class=\"elementor-button-wrapper\">\n\t\t\t\t\t<a class=\"elementor-button elementor-button-link elementor-size-sm\" href=\"https:\/\/neuronpsicolog-ia.com.br\/chat\/?u=empresas\" target=\"_blank\">\n\t\t\t\t\t\t<span class=\"elementor-button-content-wrapper\">\n\t\t\t\t\t\t\t\t\t<span class=\"elementor-button-text\">CADASTRE SUA EMPRESA<\/span>\n\t\t\t\t\t<\/span>\n\t\t\t\t\t<\/a>\n\t\t\t\t<\/div>\n\t\t\t\t\t\t<\/div>\n\t\t\t\t<\/div>\n\t\t\t\t<\/div>\n\t\t<div class=\"elementor-element elementor-element-a848e7b e-con-full e-flex elementor-invisible e-con e-child\" data-id=\"a848e7b\" data-element_type=\"container\" data-settings=\"{&quot;background_background&quot;:&quot;classic&quot;,&quot;animation&quot;:&quot;ova-move-right&quot;}\">\n\t\t\t\t<div class=\"elementor-element elementor-element-27d68fe elementor-widget elementor-widget-video\" data-id=\"27d68fe\" data-element_type=\"widget\" data-settings=\"{&quot;video_type&quot;:&quot;hosted&quot;,&quot;show_image_overlay&quot;:&quot;yes&quot;,&quot;image_overlay&quot;:{&quot;url&quot;:&quot;&quot;,&quot;id&quot;:&quot;&quot;,&quot;size&quot;:&quot;&quot;,&quot;alt&quot;:&quot;&quot;,&quot;source&quot;:&quot;library&quot;},&quot;controls&quot;:&quot;yes&quot;}\" data-widget_type=\"video.default\">\n\t\t\t\t<div class=\"elementor-widget-container\">\n\t\t\t\t\t<div class=\"e-hosted-video elementor-wrapper elementor-open-inline\">\n\t\t\t\t\t<video class=\"elementor-video\" src=\"https:\/\/neuronhealthtech.com.br\/psicolog.ia\/wp-content\/uploads\/2024\/11\/PSIVIRTUAL-VIDEO-PARA-PARTICIPANTES.mp4\" controls=\"\" preload=\"metadata\"><\/video>\n\t\t\t\t<\/div>\n\t\t\t\t<\/div>\n\t\t\t\t<\/div>\n\t\t\t\t<div class=\"elementor-element elementor-element-6b9c6dc elementor-align-center elementor-widget elementor-widget-button\" data-id=\"6b9c6dc\" data-element_type=\"widget\" data-widget_type=\"button.default\">\n\t\t\t\t<div class=\"elementor-widget-container\">\n\t\t\t\t\t\t\t<div class=\"elementor-button-wrapper\">\n\t\t\t\t\t<a class=\"elementor-button elementor-button-link elementor-size-sm\" href=\"https:\/\/neuronpsicolog-ia.com.br\/chat\/?u=login&#038;id=5\" target=\"_blank\">\n\t\t\t\t\t\t<span class=\"elementor-button-content-wrapper\">\n\t\t\t\t\t\t\t\t\t<span class=\"elementor-button-text\">SOU COLABORADOR<\/span>\n\t\t\t\t\t<\/span>\n\t\t\t\t\t<\/a>\n\t\t\t\t<\/div>\n\t\t\t\t\t\t<\/div>\n\t\t\t\t<\/div>\n\t\t\t\t<\/div>\n\t\t\t\t\t<\/div>\n\t\t\t\t<\/div>\n\t\t<div class=\"elementor-element elementor-element-c3558b7 e-flex e-con-boxed e-con e-parent\" data-id=\"c3558b7\" data-element_type=\"container\">\n\t\t\t\t\t<div class=\"e-con-inner\">\n\t\t\t\t<div class=\"elementor-element elementor-element-0becca6 elementor-widget elementor-widget-text-editor\" data-id=\"0becca6\" data-element_type=\"widget\" data-widget_type=\"text-editor.default\">\n\t\t\t\t<div class=\"elementor-widget-container\">\n\t\t\t\t\t\t\t<p style=\"text-align: center;\">Psicolog.IA &#8211; Todos os Direitos Reservados. Pol\u00edtica de Privacidade e Seguran\u00e7a de Dados.<\/p>\t\t\t\t\t\t<\/div>\n\t\t\t\t<\/div>\n\t\t\t\t\t<\/div>\n\t\t\t\t<\/div>\n\t\t\t\t<\/div>\n\t\t","protected":false},"excerpt":{"rendered":"<p>PARA O SERVI\u00c7O P\u00daBLICO Psicolog.IA \u2013 Uma Solu\u00e7\u00e3o Inovadora e Gratuita para a Sa\u00fade Mental dos Servidores P\u00fablicos Parceria Pioneira em Sa\u00fade MentalA sa\u00fade mental dos servidores p\u00fablicos \u00e9 essencial para o bom funcionamento dos servi\u00e7os prestados \u00e0 popula\u00e7\u00e3o. Com isso em mente, o Psicolog.IA surge como uma ferramenta inovadora para apoiar o bem-estar emocional [&hellip;]<\/p>\n","protected":false},"author":1,"featured_media":0,"parent":0,"menu_order":0,"comment_status":"closed","ping_status":"closed","template":"elementor_header_footer","meta":{"footnotes":""},"class_list":["post-13144","page","type-page","status-publish","hentry"],"yoast_head":"<!-- This site is optimized with the Yoast SEO plugin v26.9 - https:\/\/yoast.com\/product\/yoast-seo-wordpress\/ -->\n<title>Para o Servi\u00e7o P\u00fablico - Neuron Health Tech<\/title>\n<meta name=\"robots\" content=\"index, follow, max-snippet:-1, max-image-preview:large, max-video-preview:-1\" \/>\n<link rel=\"canonical\" href=\"https:\/\/neuronhealthtech.com.br\/psicolog.ia\/para-servico-publico\/\" \/>\n<meta property=\"og:locale\" content=\"pt_PT\" \/>\n<meta property=\"og:type\" content=\"article\" \/>\n<meta property=\"og:title\" content=\"Para o Servi\u00e7o P\u00fablico - Neuron Health Tech\" \/>\n<meta property=\"og:description\" content=\"PARA O SERVI\u00c7O P\u00daBLICO Psicolog.IA \u2013 Uma Solu\u00e7\u00e3o Inovadora e Gratuita para a Sa\u00fade Mental dos Servidores P\u00fablicos Parceria Pioneira em Sa\u00fade MentalA sa\u00fade mental dos servidores p\u00fablicos \u00e9 essencial para o bom funcionamento dos servi\u00e7os prestados \u00e0 popula\u00e7\u00e3o. Com isso em mente, o Psicolog.IA surge como uma ferramenta inovadora para apoiar o bem-estar emocional [&hellip;]\" \/>\n<meta property=\"og:url\" content=\"https:\/\/neuronhealthtech.com.br\/psicolog.ia\/para-servico-publico\/\" \/>\n<meta property=\"og:site_name\" content=\"Neuron Health Tech\" \/>\n<meta property=\"article:modified_time\" content=\"2024-11-04T15:20:05+00:00\" \/>\n<meta property=\"og:image\" content=\"https:\/\/neuronhealthtech.com.br\/psicolog.ia\/wp-content\/uploads\/2024\/09\/logo-psicoia.png\" \/>\n<meta name=\"twitter:card\" content=\"summary_large_image\" \/>\n<meta name=\"twitter:label1\" content=\"Tempo estimado de leitura\" \/>\n\t<meta name=\"twitter:data1\" content=\"5 minutos\" \/>\n<script type=\"application\/ld+json\" class=\"yoast-schema-graph\">{\"@context\":\"https:\/\/schema.org\",\"@graph\":[{\"@type\":\"WebPage\",\"@id\":\"https:\/\/neuronhealthtech.com.br\/psicolog.ia\/para-servico-publico\/\",\"url\":\"https:\/\/neuronhealthtech.com.br\/psicolog.ia\/para-servico-publico\/\",\"name\":\"Para o Servi\u00e7o P\u00fablico - Neuron Health Tech\",\"isPartOf\":{\"@id\":\"https:\/\/neuronhealthtech.com.br\/psicolog.ia\/#website\"},\"primaryImageOfPage\":{\"@id\":\"https:\/\/neuronhealthtech.com.br\/psicolog.ia\/para-servico-publico\/#primaryimage\"},\"image\":{\"@id\":\"https:\/\/neuronhealthtech.com.br\/psicolog.ia\/para-servico-publico\/#primaryimage\"},\"thumbnailUrl\":\"https:\/\/neuronhealthtech.com.br\/psicolog.ia\/wp-content\/uploads\/2024\/09\/logo-psicoia.png\",\"datePublished\":\"2024-09-27T18:56:06+00:00\",\"dateModified\":\"2024-11-04T15:20:05+00:00\",\"breadcrumb\":{\"@id\":\"https:\/\/neuronhealthtech.com.br\/psicolog.ia\/para-servico-publico\/#breadcrumb\"},\"inLanguage\":\"pt-PT\",\"potentialAction\":[{\"@type\":\"ReadAction\",\"target\":[\"https:\/\/neuronhealthtech.com.br\/psicolog.ia\/para-servico-publico\/\"]}]},{\"@type\":\"ImageObject\",\"inLanguage\":\"pt-PT\",\"@id\":\"https:\/\/neuronhealthtech.com.br\/psicolog.ia\/para-servico-publico\/#primaryimage\",\"url\":\"https:\/\/neuronhealthtech.com.br\/psicolog.ia\/wp-content\/uploads\/2024\/09\/logo-psicoia.png\",\"contentUrl\":\"https:\/\/neuronhealthtech.com.br\/psicolog.ia\/wp-content\/uploads\/2024\/09\/logo-psicoia.png\",\"width\":613,\"height\":617},{\"@type\":\"BreadcrumbList\",\"@id\":\"https:\/\/neuronhealthtech.com.br\/psicolog.ia\/para-servico-publico\/#breadcrumb\",\"itemListElement\":[{\"@type\":\"ListItem\",\"position\":1,\"name\":\"In\u00edcio\",\"item\":\"https:\/\/neuronhealthtech.com.br\/psicolog.ia\/\"},{\"@type\":\"ListItem\",\"position\":2,\"name\":\"Para o Servi\u00e7o P\u00fablico\"}]},{\"@type\":\"WebSite\",\"@id\":\"https:\/\/neuronhealthtech.com.br\/psicolog.ia\/#website\",\"url\":\"https:\/\/neuronhealthtech.com.br\/psicolog.ia\/\",\"name\":\"Neuron Health Tech\",\"description\":\"Tecnologia e inova&ccedil;&atilde;o em Psicologia e Neuropsicologia\",\"potentialAction\":[{\"@type\":\"SearchAction\",\"target\":{\"@type\":\"EntryPoint\",\"urlTemplate\":\"https:\/\/neuronhealthtech.com.br\/psicolog.ia\/?s={search_term_string}\"},\"query-input\":{\"@type\":\"PropertyValueSpecification\",\"valueRequired\":true,\"valueName\":\"search_term_string\"}}],\"inLanguage\":\"pt-PT\"}]}<\/script>\n<!-- \/ Yoast SEO plugin. -->","yoast_head_json":{"title":"Para o Servi\u00e7o P\u00fablico - Neuron Health Tech","robots":{"index":"index","follow":"follow","max-snippet":"max-snippet:-1","max-image-preview":"max-image-preview:large","max-video-preview":"max-video-preview:-1"},"canonical":"https:\/\/neuronhealthtech.com.br\/psicolog.ia\/para-servico-publico\/","og_locale":"pt_PT","og_type":"article","og_title":"Para o Servi\u00e7o P\u00fablico - Neuron Health Tech","og_description":"PARA O SERVI\u00c7O P\u00daBLICO Psicolog.IA \u2013 Uma Solu\u00e7\u00e3o Inovadora e Gratuita para a Sa\u00fade Mental dos Servidores P\u00fablicos Parceria Pioneira em Sa\u00fade MentalA sa\u00fade mental dos servidores p\u00fablicos \u00e9 essencial para o bom funcionamento dos servi\u00e7os prestados \u00e0 popula\u00e7\u00e3o. Com isso em mente, o Psicolog.IA surge como uma ferramenta inovadora para apoiar o bem-estar emocional [&hellip;]","og_url":"https:\/\/neuronhealthtech.com.br\/psicolog.ia\/para-servico-publico\/","og_site_name":"Neuron Health Tech","article_modified_time":"2024-11-04T15:20:05+00:00","og_image":[{"url":"https:\/\/neuronhealthtech.com.br\/psicolog.ia\/wp-content\/uploads\/2024\/09\/logo-psicoia.png","type":"","width":"","height":""}],"twitter_card":"summary_large_image","twitter_misc":{"Tempo estimado de leitura":"5 minutos"},"schema":{"@context":"https:\/\/schema.org","@graph":[{"@type":"WebPage","@id":"https:\/\/neuronhealthtech.com.br\/psicolog.ia\/para-servico-publico\/","url":"https:\/\/neuronhealthtech.com.br\/psicolog.ia\/para-servico-publico\/","name":"Para o Servi\u00e7o P\u00fablico - Neuron Health Tech","isPartOf":{"@id":"https:\/\/neuronhealthtech.com.br\/psicolog.ia\/#website"},"primaryImageOfPage":{"@id":"https:\/\/neuronhealthtech.com.br\/psicolog.ia\/para-servico-publico\/#primaryimage"},"image":{"@id":"https:\/\/neuronhealthtech.com.br\/psicolog.ia\/para-servico-publico\/#primaryimage"},"thumbnailUrl":"https:\/\/neuronhealthtech.com.br\/psicolog.ia\/wp-content\/uploads\/2024\/09\/logo-psicoia.png","datePublished":"2024-09-27T18:56:06+00:00","dateModified":"2024-11-04T15:20:05+00:00","breadcrumb":{"@id":"https:\/\/neuronhealthtech.com.br\/psicolog.ia\/para-servico-publico\/#breadcrumb"},"inLanguage":"pt-PT","potentialAction":[{"@type":"ReadAction","target":["https:\/\/neuronhealthtech.com.br\/psicolog.ia\/para-servico-publico\/"]}]},{"@type":"ImageObject","inLanguage":"pt-PT","@id":"https:\/\/neuronhealthtech.com.br\/psicolog.ia\/para-servico-publico\/#primaryimage","url":"https:\/\/neuronhealthtech.com.br\/psicolog.ia\/wp-content\/uploads\/2024\/09\/logo-psicoia.png","contentUrl":"https:\/\/neuronhealthtech.com.br\/psicolog.ia\/wp-content\/uploads\/2024\/09\/logo-psicoia.png","width":613,"height":617},{"@type":"BreadcrumbList","@id":"https:\/\/neuronhealthtech.com.br\/psicolog.ia\/para-servico-publico\/#breadcrumb","itemListElement":[{"@type":"ListItem","position":1,"name":"In\u00edcio","item":"https:\/\/neuronhealthtech.com.br\/psicolog.ia\/"},{"@type":"ListItem","position":2,"name":"Para o Servi\u00e7o P\u00fablico"}]},{"@type":"WebSite","@id":"https:\/\/neuronhealthtech.com.br\/psicolog.ia\/#website","url":"https:\/\/neuronhealthtech.com.br\/psicolog.ia\/","name":"Neuron Health Tech","description":"Tecnologia e inova&ccedil;&atilde;o em Psicologia e Neuropsicologia","potentialAction":[{"@type":"SearchAction","target":{"@type":"EntryPoint","urlTemplate":"https:\/\/neuronhealthtech.com.br\/psicolog.ia\/?s={search_term_string}"},"query-input":{"@type":"PropertyValueSpecification","valueRequired":true,"valueName":"search_term_string"}}],"inLanguage":"pt-PT"}]}},"_links":{"self":[{"href":"https:\/\/neuronhealthtech.com.br\/psicolog.ia\/wp-json\/wp\/v2\/pages\/13144","targetHints":{"allow":["GET"]}}],"collection":[{"href":"https:\/\/neuronhealthtech.com.br\/psicolog.ia\/wp-json\/wp\/v2\/pages"}],"about":[{"href":"https:\/\/neuronhealthtech.com.br\/psicolog.ia\/wp-json\/wp\/v2\/types\/page"}],"author":[{"embeddable":true,"href":"https:\/\/neuronhealthtech.com.br\/psicolog.ia\/wp-json\/wp\/v2\/users\/1"}],"replies":[{"embeddable":true,"href":"https:\/\/neuronhealthtech.com.br\/psicolog.ia\/wp-json\/wp\/v2\/comments?post=13144"}],"version-history":[{"count":25,"href":"https:\/\/neuronhealthtech.com.br\/psicolog.ia\/wp-json\/wp\/v2\/pages\/13144\/revisions"}],"predecessor-version":[{"id":13336,"href":"https:\/\/neuronhealthtech.com.br\/psicolog.ia\/wp-json\/wp\/v2\/pages\/13144\/revisions\/13336"}],"wp:attachment":[{"href":"https:\/\/neuronhealthtech.com.br\/psicolog.ia\/wp-json\/wp\/v2\/media?parent=13144"}],"curies":[{"name":"wp","href":"https:\/\/api.w.org\/{rel}","templated":true}]}}